{"id":6,"date":"2020-05-26T14:19:26","date_gmt":"2020-05-26T14:19:26","guid":{"rendered":"http:\/\/physiohatten.de\/?page_id=6"},"modified":"2025-03-13T08:28:50","modified_gmt":"2025-03-13T08:28:50","slug":"kurse-praevention","status":"publish","type":"page","link":"https:\/\/physiohatten.de\/?page_id=6","title":{"rendered":"Kurse \/ Pr\u00e4vention"},"content":{"rendered":"\n<p><br><strong>R\u00fcckenschule, Ganzk\u00f6rperkr\u00e4ftigung<br>mit Ger\u00e4tetraining und Gymnastik<\/strong><\/p>\n\n\n\n<p>Dauer: 12 Wochen<\/p>\n\n\n\n<p>Zeit: 60 min<\/p>\n\n\n\n<p>Kosten: 85 ,- \u20ac\u00a0 St\u00e4ndige Kontrolle \/ Aufsicht durch Physiotherapeuten<\/p>\n\n\n\n<p>Ca. 80 % \u2013 100 %&nbsp; R\u00fcckerstattung von den gesetzlichen Krankenkassen<\/p>\n\n\n\n\n<table id=\"tablepress-1\" class=\"tablepress tablepress-id-1\">\n<thead>\n<tr class=\"row-1 odd\">\n\t<th class=\"column-1\">Tag<\/th><th class=\"column-2\">Uhrzeit<\/th><th class=\"column-3\">Start<\/th><th class=\"column-4\">Ende<\/th>\n<\/tr>\n<\/thead>\n<tbody class=\"row-hover\">\n<tr class=\"row-2 even\">\n\t<td class=\"column-1\">Montag<\/td><td class=\"column-2\">17:45<\/td><td class=\"column-3\">13.04.<\/td><td class=\"column-4\">06.07.<\/td>\n<\/tr>\n<tr class=\"row-3 odd\">\n\t<td class=\"column-1\">Dienstag<\/td><td class=\"column-2\">17:15<\/td><td class=\"column-3\">17.02.<\/td><td class=\"column-4\">05.05.<\/td>\n<\/tr>\n<tr class=\"row-4 even\">\n\t<td class=\"column-1\">Dienstag<\/td><td class=\"column-2\">18:30<\/td><td class=\"column-3\">10.02.<\/td><td class=\"column-4\">28.04.<\/td>\n<\/tr>\n<tr class=\"row-5 odd\">\n\t<td class=\"column-1\">Mittwoch<\/td><td class=\"column-2\">09:30<\/td><td class=\"column-3\">25.03.<\/td><td class=\"column-4\">10.06.<\/td>\n<\/tr>\n<tr class=\"row-6 even\">\n\t<td class=\"column-1\">Mittwoch<\/td><td class=\"column-2\">18:00<\/td><td class=\"column-3\">18.02.<\/td><td class=\"column-4\">06.05.<\/td>\n<\/tr>\n<tr class=\"row-7 odd\">\n\t<td class=\"column-1\">Donnerstag<\/td><td class=\"column-2\">09:30<\/td><td class=\"column-3\">09.04.<\/td><td class=\"column-4\">02.07.<\/td>\n<\/tr>\n<tr class=\"row-8 even\">\n\t<td class=\"column-1\">Donnerstag<\/td><td class=\"column-2\">18:00<\/td><td class=\"column-3\">02.04.<\/td><td class=\"column-4\">25.06.<\/td>\n<\/tr>\n<\/tbody>\n<\/table>\n<!-- #tablepress-1 from cache -->\n\n\n\n<figure class=\"wp-block-image size-large is-resized\"><img loading=\"lazy\" decoding=\"async\" width=\"212\" height=\"300\" src=\"http:\/\/physiohatten.de\/wp-content\/uploads\/2020\/05\/image.png\" alt=\"\" class=\"wp-image-7\" style=\"width:204px;height:289px\"\/><\/figure>\n\n\n\n<figure class=\"wp-block-image size-large\"><img loading=\"lazy\" decoding=\"async\" width=\"210\" height=\"300\" src=\"http:\/\/physiohatten.de\/wp-content\/uploads\/2020\/05\/image-1.png\" alt=\"\" class=\"wp-image-8\"\/><\/figure>\n\n\n\n<figure class=\"wp-block-image size-large\"><img loading=\"lazy\" decoding=\"async\" width=\"209\" height=\"300\" src=\"http:\/\/physiohatten.de\/wp-content\/uploads\/2020\/05\/image-2.png\" alt=\"\" class=\"wp-image-9\"\/><\/figure>\n\n\n\n<figure class=\"wp-block-image size-large is-resized\"><img loading=\"lazy\" decoding=\"async\" width=\"225\" height=\"300\" src=\"http:\/\/physiohatten.de\/wp-content\/uploads\/2020\/05\/image-3.png\" alt=\"\" class=\"wp-image-10\" style=\"width:216px;height:288px\"\/><\/figure>\n\n\n\n<p><br><\/p>\n\n\n\n<p><\/p>\n","protected":false},"excerpt":{"rendered":"<p>R\u00fcckenschule, Ganzk\u00f6rperkr\u00e4ftigungmit Ger\u00e4tetraining und Gymnastik Dauer: 12 Wochen Zeit: 60 min Kosten: 85 ,- \u20ac\u00a0 St\u00e4ndige Kontrolle \/ Aufsicht durch Physiotherapeuten Ca. 80 % \u2013 100 %&nbsp; R\u00fcckerstattung von den gesetzlichen Krankenkassen<\/p>\n","protected":false},"author":1,"featured_media":0,"parent":0,"menu_order":0,"comment_status":"closed","ping_status":"closed","template":"","meta":{"footnotes":""},"class_list":["post-6","page","type-page","status-publish","hentry"],"_links":{"self":[{"href":"https:\/\/physiohatten.de\/index.php?rest_route=\/wp\/v2\/pages\/6","targetHints":{"allow":["GET"]}}],"collection":[{"href":"https:\/\/physiohatten.de\/index.php?rest_route=\/wp\/v2\/pages"}],"about":[{"href":"https:\/\/physiohatten.de\/index.php?rest_route=\/wp\/v2\/types\/page"}],"author":[{"embeddable":true,"href":"https:\/\/physiohatten.de\/index.php?rest_route=\/wp\/v2\/users\/1"}],"replies":[{"embeddable":true,"href":"https:\/\/physiohatten.de\/index.php?rest_route=%2Fwp%2Fv2%2Fcomments&post=6"}],"version-history":[{"count":21,"href":"https:\/\/physiohatten.de\/index.php?rest_route=\/wp\/v2\/pages\/6\/revisions"}],"predecessor-version":[{"id":213,"href":"https:\/\/physiohatten.de\/index.php?rest_route=\/wp\/v2\/pages\/6\/revisions\/213"}],"wp:attachment":[{"href":"https:\/\/physiohatten.de\/index.php?rest_route=%2Fwp%2Fv2%2Fmedia&parent=6"}],"curies":[{"name":"wp","href":"https:\/\/api.w.org\/{rel}","templated":true}]}}