{"id":14,"date":"2020-05-26T14:18:58","date_gmt":"2020-05-26T14:18:58","guid":{"rendered":"http:\/\/physiohatten.de\/?page_id=14"},"modified":"2020-05-26T14:18:59","modified_gmt":"2020-05-26T14:18:59","slug":"heilpraktiker","status":"publish","type":"page","link":"https:\/\/physiohatten.de\/?page_id=14","title":{"rendered":"Heilpraktiker"},"content":{"rendered":"\n<p><strong>Heilpraktiker f\u00fcr Physiotherapie<\/strong><\/p>\n\n\n\n<p><strong>\u201eSektorale Heilpraktikererlaubnis\u201c<\/strong><\/p>\n\n\n\n<p>Seit 2011 ist es in Niedersachsen nach erfolgreicher Pr\u00fcfung durch das Gesundheitsamt m\u00f6glich, die Physiotherapie als eigenst\u00e4ndigen und abgrenzbaren Heilberuf ohne Zuweisung durch \u00c4rzte auszu\u00fcben. Damit darf der Physiotherapeut k\u00fcnftig Patienten selbstst\u00e4ndig behandeln. Selbstst\u00e4ndig bedeutet hier ohne \u00e4rztliche Verordnung. Wenn ein Patient ihn mit Beschwerden aufsucht, darf er im Rahmen seiner T\u00e4tigkeit untersuchen und dann entscheiden, ob und welche physiotherapeutische Therapie er anwenden will. Seit dem 01.03.2012 haben Sie die M\u00f6glichkeit, als Privatpatient \/ Selbstzahler (oder gesetzlich Versicherte mit Zusatzversicherung Heilpraktiker) ohne \u00e4rztliche Verordnung sich bei uns behandeln zu lassen.<\/p>\n\n\n\n<figure class=\"wp-block-image size-large\"><img loading=\"lazy\" decoding=\"async\" width=\"217\" height=\"300\" src=\"http:\/\/physiohatten.de\/wp-content\/uploads\/2020\/05\/image-4.png\" alt=\"\" class=\"wp-image-15\"\/><\/figure>\n\n\n\n<p><\/p>\n","protected":false},"excerpt":{"rendered":"<p>Heilpraktiker f\u00fcr Physiotherapie \u201eSektorale Heilpraktikererlaubnis\u201c Seit 2011 ist es in Niedersachsen nach erfolgreicher Pr\u00fcfung durch das Gesundheitsamt m\u00f6glich, die Physiotherapie als eigenst\u00e4ndigen und abgrenzbaren Heilberuf ohne Zuweisung durch \u00c4rzte auszu\u00fcben. Damit darf der Physiotherapeut k\u00fcnftig Patienten selbstst\u00e4ndig behandeln. Selbstst\u00e4ndig bedeutet hier ohne \u00e4rztliche Verordnung. Wenn ein Patient ihn mit Beschwerden aufsucht, darf er im Rahmen &hellip;<\/p>\n<p class=\"read-more\"> <a class=\"\" href=\"https:\/\/physiohatten.de\/?page_id=14\"> <span class=\"screen-reader-text\">Heilpraktiker<\/span> Weiterlesen &raquo;<\/a><\/p>\n","protected":false},"author":1,"featured_media":0,"parent":0,"menu_order":0,"comment_status":"closed","ping_status":"closed","template":"","meta":{"footnotes":""},"class_list":["post-14","page","type-page","status-publish","hentry"],"_links":{"self":[{"href":"https:\/\/physiohatten.de\/index.php?rest_route=\/wp\/v2\/pages\/14","targetHints":{"allow":["GET"]}}],"collection":[{"href":"https:\/\/physiohatten.de\/index.php?rest_route=\/wp\/v2\/pages"}],"about":[{"href":"https:\/\/physiohatten.de\/index.php?rest_route=\/wp\/v2\/types\/page"}],"author":[{"embeddable":true,"href":"https:\/\/physiohatten.de\/index.php?rest_route=\/wp\/v2\/users\/1"}],"replies":[{"embeddable":true,"href":"https:\/\/physiohatten.de\/index.php?rest_route=%2Fwp%2Fv2%2Fcomments&post=14"}],"version-history":[{"count":1,"href":"https:\/\/physiohatten.de\/index.php?rest_route=\/wp\/v2\/pages\/14\/revisions"}],"predecessor-version":[{"id":16,"href":"https:\/\/physiohatten.de\/index.php?rest_route=\/wp\/v2\/pages\/14\/revisions\/16"}],"wp:attachment":[{"href":"https:\/\/physiohatten.de\/index.php?rest_route=%2Fwp%2Fv2%2Fmedia&parent=14"}],"curies":[{"name":"wp","href":"https:\/\/api.w.org\/{rel}","templated":true}]}}