{"id":12,"date":"2020-05-26T14:19:39","date_gmt":"2020-05-26T14:19:39","guid":{"rendered":"http:\/\/physiohatten.de\/?page_id=12"},"modified":"2020-05-26T14:19:40","modified_gmt":"2020-05-26T14:19:40","slug":"therapieangebot","status":"publish","type":"page","link":"https:\/\/physiohatten.de\/?page_id=12","title":{"rendered":"Therapieangebot"},"content":{"rendered":"\n<p><strong>Manuelle Therapie<\/strong><\/p>\n\n\n\n<p>Die Manuelle Therapie befasst sich mit der Behandlung von heilbaren Funktionsst\u00f6rungen der Wirbelgelenke und der Extremit\u00e4ten (Arme und Beine). Zuerst findet eine spezielle Untersuchung statt, die aus der Befundaufnahme, der Pr\u00fcfung der aktiven und passiven Beweglichkeit, der Untersuchung des Gelenkspiels hinsichtlich der Mobilit\u00e4t und aus spezifischen Muskeltests besteht. Anschlie\u00dfend werden die gefundenen Blockierungen durch manuelle Techniken gel\u00f6st; dazu geh\u00f6ren die sogenannten Weichteiltechniken, L\u00e4ngs- und Querdehnungen sowie Mobilisation. Nach der erfolgreichen L\u00f6sung von Blockierungen schlie\u00dft sich eine gezielte Krankengymnastik an.<\/p>\n\n\n\n<p><strong>Krankengymnastik (KG)<\/strong><\/p>\n\n\n\n<p>Die Krankengymnastik umfasst aktive und passive Formen der Bewegungstherapie zur Behandlung von Erkrankungen und Funktionsst\u00f6rungen des Bewegungs-, Nerven- und Herz-Kreislauf-Systems. Neben der neurophysiologischen (siehe unten) gibt es die orthop\u00e4dische (Skoliose, Bandscheibenvorf\u00e4lle, Haltungssch\u00e4den), chirurgische (nach Operationen und Amputationen) sowie traumatologische Krankengymnastik (Knochenbr\u00fcche, B\u00e4nderrisse). Durch entsprechende Grifftechniken und Gymnastik\u00fcbungen gelingt es, die Patienten von ihren Schmerzen zu befreien oder diese zu lindern und die eingeschr\u00e4nkte Beweglichkeit wieder herzustellen. Die Krankengymnastik zielt auf eine Kr\u00e4ftigung des Bindegewebes und der Muskulatur.<\/p>\n\n\n\n<p><strong>Faszienbehandlung<\/strong><\/p>\n\n\n\n<p>Das Fasziendistorsionsmodell (FDM) ist eine medizinische Betrachtungsweise, wonach Verletzungen und andere Krankheitsbilder auf eine oder mehrere von sechs spezifischen Verformungen des Bindegewebes zur\u00fcckgef\u00fchrt werden. Eine Behandlungsm\u00f6glichkeit bietet die Typaldos Methode.<\/p>\n\n\n\n<p><strong>Krankengymnastik auf neurophysiologischer Grundlage<\/strong><\/p>\n\n\n\n<p>Die Krankengymnastik auf neurophysiologischer Grundlage zielt auf die Harmonisierung, das hei\u00dft auf den Ausgleich von Kraft und Entspannung des Bewegungsapparates. Dabei werden Hautrezeptoren, Gelenke, Muskeln und Sehnen durch gezielten Druck bzw. Zug und Vordehnung der Muskulatur vom Physiotherapeuten aktiviert. Dadurch werden die entsprechenden Bewegungsabl\u00e4ufe sowie die diesen zugrunde liegenden Bewegungs- muster erarbeitet bzw. wieder gest\u00e4rkt. Jede Bewegung basiert auf den Grundprinzipien der Mobilit\u00e4t und Stabilit\u00e4t, z.B. beim Gangmuster, beim Lagewechsel oder bei Alltags- bewegungen. Die Krankengymnastik auf neurophysiologischer Basis (z.B. in Anlehnung an PNF, Bobath oder Vojta) wird angewandt zur Verbesserung von Stabilit\u00e4t, Kraft und Ausdauer, zur Schulung der Koordination, zur Verbesserung des Bewegungsausma\u00dfes, zur Tonusregulation und zur Verminderung von Schmerzen.<\/p>\n\n\n\n<p><strong>Medizinische Trainingstherapie<\/strong><\/p>\n\n\n\n<p>Auf der Grundlage eines ausf\u00fchrlichen Fitness-Schecks, wird ein auf Ihre Ziele abge- stimmter Trainingsplan erstellt, nach dem Sie in unserem Ger\u00e4tebereich frei trainieren k\u00f6nnen. Egal, ob Sie etwas f\u00fcr Ihre Kondition tun wollen, gezielt bestimmte Muskelgruppen kr\u00e4ftigen wollen oder die Fettverbrennung w\u00e4hrend einer Di\u00e4t unterst\u00fctzen wollen. Unser Trainingsplan zeigt Ihnen den Weg zu Ihrem Ziel. F\u00fcr n\u00e4here Informationen steht Ihnen unser Praxis Team gerne zur Verf\u00fcgung.<\/p>\n\n\n\n<p><strong>KG-Ger\u00e4te<\/strong><\/p>\n\n\n\n<p>Verordnungsrelevant ist sie ausschlie\u00dflich f\u00fcr bestimmte Beschwerdebilder, denen eine prim\u00e4re Muskelkr\u00e4ftigung, Kraftausdauer, Wiederherstellung alltagsspezifischer Belas- tungstoleranzen, sowie funktioneller Bewegungsabl\u00e4ufe und T\u00e4tigkeiten im allt\u00e4glichen Leben, laut der Heilmittelrichtlinien zugeordnet wird. Patienten mit chronisch degenerativen Skeletterkrankungen sowie posttraumatischen oder postoperativen Zust\u00e4nden der Extremit\u00e4ten oder des Rumpfes mit Muskeldysbalance\/-insuffizienz, krankheitsbedingter Muskelschw\u00e4che oder peripheren L\u00e4hmungen.<\/p>\n\n\n\n<p><strong>Schlingentisch<\/strong><\/p>\n\n\n\n<p>Der Schlingentisch ist ein therapeutisches Ger\u00e4t mit einer Aufh\u00e4ngung. In dieser sitzend oder liegend erf\u00e4hrt der Patient seine Schwerelosigkeit am ganzen K\u00f6rper oder an einzelnen K\u00f6rperteilen. Unterschiedliche Aufh\u00e4ngungen bewirken eine Muskeldehnung und eine Kr\u00e4ftigung der Muskulatur oder die Stabilisierung von Gelenken oder Wirbels\u00e4ulenabschnitten. Weiterhin k\u00f6nnen Entspannungseffekte, Koordinationsst\u00e4rkung und die Mobilisation von Gelenken erreicht werden. Patienten k\u00f6nnen unter Abnahme der Eigenschwere Bewegungen ausf\u00fchren, die ihnen aufgrund von Schmerzen (Trauma, Arthrose) oder aufgrund von Muskelschw\u00e4chen (L\u00e4hmungen, Muskeldystrophien) sonst nicht m\u00f6glich w\u00e4ren.<\/p>\n\n\n\n<p><strong>W\u00e4rme- und K\u00e4ltebehandlungen<\/strong><\/p>\n\n\n\n<p>W\u00e4rmebehandlung (Naturmoor, Hei\u00dfe Rolle oder Hei\u00dfluft) zielt auf die Mehrdurchblutung, die das Immunsystem st\u00e4rken, den Spannungszustand der Muskeln senken, Schmerzen lindern und eine allgemeine Entspannung erreichen. Zugleich hat es die entsprechende Wirkung auf innere Organe, die vom gleichen Segment versorgt werden. Dar\u00fcber hinaus wird das (intakte) Lymphgef\u00e4\u00dfsystem aktiviert. K\u00e4ltebehandlung (Eiskompressen oder \u201eEislollies\u201c) zielt gleichfalls auf die F\u00f6rderung der Durchblutung und wird vorwiegend bei akuten entz\u00fcndlichen Prozessen wie rheumatischen Erkrankungen angewendet \u2013 im Unterschied zur W\u00e4rmebehandlung, die vorrangig bei chronischen Entz\u00fcndungen oder Verspannungen eingesetzt wird. Bei einigen Krankheitsbildern ist es sinnvoll, vor der Massage oder Krankengymnastik eine W\u00e4rmebehandlung vorzunehmen, um so die Muskeln besser zu durchbluten und zu entspannen.<\/p>\n\n\n\n<p><strong>Elektrotherapie<\/strong><\/p>\n\n\n\n<p>Die Behandlung mit individuell eingestellten Stromst\u00e4rken und Frequenzen wird zur Durchblutungsf\u00f6rderung, zur Linderung von Schmerzen, zur Regulierung des Spannungs- zustandes von Muskeln und Gewebe sowie zu Stoffwechselsteigerungen, Fl\u00fcssigkeits- verschiebungen und zur vegetativen Stimulation eingesetzt. Die Behandlung erfolgt auf Basis der \u00e4rztlichen Verordnung und der krankengymnastischen Befunderhebung. Dabei werden Reaktionslage und Vertr\u00e4glichkeit des Patienten ber\u00fccksichtigt.<\/p>\n\n\n\n<p><strong>Klassische Massage<\/strong><\/p>\n\n\n\n<p>Massage ist mit Sicherheit die angenehmste Behandlungsform f\u00fcr den Patienten. Das Lockern des Bindegewebes und der Muskulatur tut sp\u00fcrbar gut. Dabei wird gezielt an Knochen, Kapseln und Gelenken, sowie an Muskeln, B\u00e4ndern und Sehnen mobilisiert. Durch Lockerung und Erw\u00e4rmung der Haut und Unterhaut werden Wirkungen erreicht, die k\u00f6rperlich, geistig und seelisch Erfolge f\u00fcr das Befinden des Patienten bringen. Gerade wegen ihrer schmerzstillenden Wirkung ist die Massage erste Wahl bei der Vorbereitung auf eine Krankengymnastikbehandlung. Unterst\u00fctzt wird die Klassische Massage durch gezielte W\u00e4rmebehandlung.<\/p>\n\n\n\n<p><strong>Manuelle Lymphdrainage<\/strong><\/p>\n\n\n\n<p>Lymphdrainage ist die schonende manuelle Behandlung der Gewebsregionen an der K\u00f6rperoberfl\u00e4che, wodurch der Abtransport von Gewebefl\u00fcssigkeit (Schadstoffen) gef\u00f6rdert wird. Die langsamen Bewegungen der Hand und des Daumens mit an- und abschwellendem Druck regen die Lymphzirkulation an. Die Lymphgef\u00e4\u00dfe durchziehen das Gewebe wie ein Drainagesystem und sammeln sich in gr\u00f6\u00dferen Gef\u00e4\u00dfen, die die Lymphe wiederum dem Blutkreislauf zuf\u00fchren. Die Griffe orientieren sich entlang dem Verlauf von Lymphgef\u00e4\u00dfen in Abflussrichtung. Die leichte Drucksteigerung im Gewebe beg\u00fcnstigt die Aufnahme von Gewebsfl\u00fcssigkeit \u00fcber die Initialgef\u00e4\u00dfe in die Lymphbahnen.<\/p>\n\n\n\n<p><strong>Bindegewebsmassage<\/strong><\/p>\n\n\n\n<p>Die Bindegewebsmassage spricht die Reflexzonen des K\u00f6rpers an. Diese liegen unter der Haut und geben Signale an die inneren Organe und das Gehirn weiter. Mit den Fingerkuppen werden langsam Druck- und Zugeffekte ausgel\u00f6st, wodurch ein Reizempfinden entsteht. So wird die Durchblutung verbessert, was Verspannungen im R\u00fccken lockert. Zugleich werden durch die Verbindung zu den inneren Organen deren Sauerstoffzufuhr verbessert und Funktionsst\u00f6rungen positiv beeinflusst. Daher wird die Bindegewebsmassage auch bei zahlreichen inneren Erkrankungen genutzt.<\/p>\n\n\n\n<p><strong>Fu\u00dfreflexzonenmassage<\/strong><\/p>\n\n\n\n<p>Durch die sanfte Massage der F\u00fc\u00dfe werden die Selbstheilungskr\u00e4fte des K\u00f6rpers angeregt. Ausgegangen wird vom Grundsatz, dass die im K\u00f6rper angeordneten Organe, Gewebe und Systeme in der gleichen K\u00f6rperzone am Fu\u00df, als Mikrosystem verkleinert, therapierbar sind. Die Reflexzonentherapie am Fu\u00df ist eine Behandlungsform, die sich im Laufe von vielen Jahren aus altem Volkswissen zu einer exakt ausgearbeiteten Therapie entwickelt hat. Sie bewirkt eine Verbesserung gest\u00f6rter Organ- und Gewebefunktionen des Menschen und wird bei einer Vielzahl von St\u00f6rungen empfohlen. Sie wird zum Teil als eigenst\u00e4ndige Behandlung, in anderen F\u00e4llen in Kombination mit anderen Methoden angewendet.<\/p>\n\n\n\n<p><strong>Kinesiotaping<\/strong><\/p>\n\n\n\n<p>Der Japaner Kenzo entwickelte in den siebziger Jahren die grundlegende Idee der Kiniesio Taping Methode.<\/p>\n\n\n\n<p>Gelenkbeschwerden werden h\u00e4ufig durch Ungleichgewicht der Muskelkraft um ein Gelenk herum ausgel\u00f6st, hervorgerufen durch einen Unterschied der Muskelflexibili\u00e4t und Ausbildung auf den gegen\u00fcberliegenden Seiten des Gelenks. Bei einer Muskelentz\u00fcndung ist der Raum zwischen Haut und Muskel komprimiert. Resultat: Verminderter Abfluss von Lymphfl\u00fcssigkeit. Ein elastisches und irritationsfreies Tape sorgt f\u00fcr eine Normalisierung der Muskelfunkion.<\/p>\n\n\n\n<p><strong>CMD Kiefergelenksbehandlungen<\/strong><\/p>\n\n\n\n<p>St\u00f6rungen in der Halswirbels\u00e4ule laufen oft zusammen mit Problemen im Kiefergelenk bzw. der umgebenden Muskulatur ab. Therapeuten mit spezieller Zusatzausbildungen versuchen \u00fcber Muskeltechniken und Mobilisationstechniken eine Normalisierung der muskul\u00e4ren Dysbalancen zu erreichen. Die HWS und Kieferregion mu\u00df zwingend als eine Einheit betrachtet werden.<\/p>\n\n\n\n<p><strong>Sportphysiotherapie<\/strong><\/p>\n\n\n\n<p>Behandlungen nach Sportverletzungen. Individuell wird hier auf den Sportler eingegangen. Trainingsplanung, Intensit\u00e4t und<\/p>\n\n\n\n<p>muskul\u00e4rer Aufbau bis zur Wettkampfbetreuung.<\/p>\n\n\n\n<p><strong>Slingtraining \u201efreih\u00e4ngende Seile\u201c<\/strong><\/p>\n\n\n\n<p>Slingtraining ist eine hochfunktionelle Trainingsform da freie mehrdimensionale Bewegungen trainiert werden.Durch die Instabilit\u00e4t der Slings werden schnelle Muskelfasern aktiviert die zur Koordination von Bewegungen im Sport und Alltag beitragen. Insbesondere f\u00fcr Sportler ist dies eine gute Trainingserg\u00e4nzung.<\/p>\n\n\n\n<p><strong>Atlastherapie<\/strong><\/p>\n\n\n\n<p>Die Atlastherapie ist ein neurophysiologisches Behandlungskonzept zur Beeinflussung von St\u00f6rungen im Bereich Atlas \u2013 Axis-Occiput. Der erste Halswirbel als Schl\u00fcsselsegment kann bei Patienten extreme Probleme verursachen. Durch Fehlstellungen kann es zu St\u00f6rungen im Kieferbereich, der K\u00f6rperstatik sowie zu Spannungskopfschmerzen kommen.<\/p>\n\n\n\n<p><strong>Dreidimensionales funktionelles Training<\/strong><\/p>\n\n\n\n<p>Selektives Training an Seilz\u00fcgen, Pezzibll\u00fcbungen, Freihantel\u00fcbungen, Sensomotorik \/ Propriorezeption<\/p>\n","protected":false},"excerpt":{"rendered":"<p>Manuelle Therapie Die Manuelle Therapie befasst sich mit der Behandlung von heilbaren Funktionsst\u00f6rungen der Wirbelgelenke und der Extremit\u00e4ten (Arme und Beine). Zuerst findet eine spezielle Untersuchung statt, die aus der Befundaufnahme, der Pr\u00fcfung der aktiven und passiven Beweglichkeit, der Untersuchung des Gelenkspiels hinsichtlich der Mobilit\u00e4t und aus spezifischen Muskeltests besteht. Anschlie\u00dfend werden die gefundenen Blockierungen &hellip;<\/p>\n<p class=\"read-more\"> <a class=\"\" href=\"https:\/\/physiohatten.de\/?page_id=12\"> <span class=\"screen-reader-text\">Therapieangebot<\/span> Weiterlesen &raquo;<\/a><\/p>\n","protected":false},"author":1,"featured_media":0,"parent":0,"menu_order":0,"comment_status":"closed","ping_status":"closed","template":"","meta":{"footnotes":""},"class_list":["post-12","page","type-page","status-publish","hentry"],"_links":{"self":[{"href":"https:\/\/physiohatten.de\/index.php?rest_route=\/wp\/v2\/pages\/12","targetHints":{"allow":["GET"]}}],"collection":[{"href":"https:\/\/physiohatten.de\/index.php?rest_route=\/wp\/v2\/pages"}],"about":[{"href":"https:\/\/physiohatten.de\/index.php?rest_route=\/wp\/v2\/types\/page"}],"author":[{"embeddable":true,"href":"https:\/\/physiohatten.de\/index.php?rest_route=\/wp\/v2\/users\/1"}],"replies":[{"embeddable":true,"href":"https:\/\/physiohatten.de\/index.php?rest_route=%2Fwp%2Fv2%2Fcomments&post=12"}],"version-history":[{"count":1,"href":"https:\/\/physiohatten.de\/index.php?rest_route=\/wp\/v2\/pages\/12\/revisions"}],"predecessor-version":[{"id":13,"href":"https:\/\/physiohatten.de\/index.php?rest_route=\/wp\/v2\/pages\/12\/revisions\/13"}],"wp:attachment":[{"href":"https:\/\/physiohatten.de\/index.php?rest_route=%2Fwp%2Fv2%2Fmedia&parent=12"}],"curies":[{"name":"wp","href":"https:\/\/api.w.org\/{rel}","templated":true}]}}